{"id":61,"date":"2017-06-13T18:54:48","date_gmt":"2017-06-13T18:54:48","guid":{"rendered":"http:\/\/naturheilpraxis-wick.de\/?page_id=61"},"modified":"2017-06-13T18:54:48","modified_gmt":"2017-06-13T18:54:48","slug":"netzwerk","status":"publish","type":"page","link":"https:\/\/naturheilpraxis-wick.de\/?page_id=61","title":{"rendered":"Netzwerk"},"content":{"rendered":"<p>Institut f\u00fcr christlich orientierte Traumabegleitung<br \/>\n<a href=\"http:\/\/www.ictb-institut.de\">www.ictb-institut.de<\/a><\/p>\n<p>Schlo\u00df Craheim<br \/>\n<a href=\"http:\/\/www.craheim.de\">www.craheim.de<\/a><\/p>\n<p>Unternehmerberatung<br \/>\n<a href=\"http:\/\/www.wick-consulting.de\">www.wick-consulting.de<\/a><\/p>\n<p>Auf dieser Homepage sind Links zu anderen Seiten gesetzt. F\u00fcr all diese Links gilt: \u201eIch m\u00f6chte ausdr\u00fccklich betonen, dass ich keinerlei Einflu\u00df auf die Gestaltung und die Inhalte der hier verlinkten Seiten haben. Deshalb distanziere ich mich hiermit ausdr\u00fccklich von allen Inhalten aller verlinkten Seiten auf dieser gesamten Website inkl. alle Unterseiten. Diese Erkl\u00e4rung gilt f\u00fcr alle auf dieser Homepage ausgebrachten Links und f\u00fcr alle Inhalte der Seiten, zu denen Links oder Banner f\u00fchren.<\/p>\n","protected":false},"excerpt":{"rendered":"<p>Institut f\u00fcr christlich orientierte Traumabegleitung www.ictb-institut.de Schlo\u00df Craheim www.craheim.de Unternehmerberatung www.wick-consulting.de Auf dieser Homepage sind Links zu anderen Seiten gesetzt. F\u00fcr all diese Links gilt: \u201eIch m\u00f6chte ausdr\u00fccklich betonen, dass ich keinerlei Einflu\u00df auf die Gestaltung und die Inhalte der hier verlinkten Seiten haben. Deshalb distanziere ich mich hiermit ausdr\u00fccklich von allen Inhalten aller verlinkten &hellip; <\/p>\n<p class=\"link-more\"><a href=\"https:\/\/naturheilpraxis-wick.de\/?page_id=61\" class=\"more-link\"><span class=\"screen-reader-text\">\u201eNetzwerk\u201c<\/span> weiterlesen<\/a><\/p>\n","protected":false},"author":1,"featured_media":0,"parent":0,"menu_order":0,"comment_status":"closed","ping_status":"closed","template":"","meta":{"footnotes":""},"class_list":["post-61","page","type-page","status-publish","hentry"],"_links":{"self":[{"href":"https:\/\/naturheilpraxis-wick.de\/index.php?rest_route=\/wp\/v2\/pages\/61","targetHints":{"allow":["GET"]}}],"collection":[{"href":"https:\/\/naturheilpraxis-wick.de\/index.php?rest_route=\/wp\/v2\/pages"}],"about":[{"href":"https:\/\/naturheilpraxis-wick.de\/index.php?rest_route=\/wp\/v2\/types\/page"}],"author":[{"embeddable":true,"href":"https:\/\/naturheilpraxis-wick.de\/index.php?rest_route=\/wp\/v2\/users\/1"}],"replies":[{"embeddable":true,"href":"https:\/\/naturheilpraxis-wick.de\/index.php?rest_route=%2Fwp%2Fv2%2Fcomments&post=61"}],"version-history":[{"count":1,"href":"https:\/\/naturheilpraxis-wick.de\/index.php?rest_route=\/wp\/v2\/pages\/61\/revisions"}],"predecessor-version":[{"id":62,"href":"https:\/\/naturheilpraxis-wick.de\/index.php?rest_route=\/wp\/v2\/pages\/61\/revisions\/62"}],"wp:attachment":[{"href":"https:\/\/naturheilpraxis-wick.de\/index.php?rest_route=%2Fwp%2Fv2%2Fmedia&parent=61"}],"curies":[{"name":"wp","href":"https:\/\/api.w.org\/{rel}","templated":true}]}}